{"id":1847,"date":"2025-01-20T08:31:06","date_gmt":"2025-01-20T08:31:06","guid":{"rendered":"https:\/\/gruesvallsrutllant.com\/contacto\/"},"modified":"2025-03-24T14:17:35","modified_gmt":"2025-03-24T14:17:35","slug":"contacte","status":"publish","type":"page","link":"https:\/\/gruesvallsrutllant.com\/ca\/contacte\/","title":{"rendered":"Contacte"},"content":{"rendered":"\n<style type=\"text\/css\" data-created_by=\"avia_inline_auto\" id=\"style-css-av-ipt6b-9226b4939f035d1ffa56208e314fdabc\">\n.avia-section.av-ipt6b-9226b4939f035d1ffa56208e314fdabc{\nbackground-repeat:no-repeat;\nbackground-image:url(https:\/\/gruesvallsrutllant.com\/wp-content\/uploads\/2025\/01\/banner-gruas.jpg);\nbackground-position:0% 100%;\nbackground-attachment:scroll;\n}\n.avia-section.av-ipt6b-9226b4939f035d1ffa56208e314fdabc .av-section-color-overlay{\nopacity:0.5;\nbackground-color:#000000;\n}\n<\/style>\n<div id='av_section_1'  class='avia-section av-ipt6b-9226b4939f035d1ffa56208e314fdabc main_color avia-section-default avia-no-border-styling  avia-builder-el-0  el_before_av_section  avia-builder-el-first  avia-full-stretch avia-bg-style-scroll av-section-color-overlay-active av-minimum-height av-minimum-height-25 av-height-25  container_wrap sidebar_right'  data-section-bg-repeat='stretch' data-av_minimum_height_pc='25' data-av_min_height_opt='25'><div class=\"av-section-color-overlay-wrap\"><div class=\"av-section-color-overlay\"><\/div><div class='container av-section-cont-open' ><main  role=\"main\" itemprop=\"mainContentOfPage\"  class='template-page content  av-content-small alpha units'><div class='post-entry post-entry-type-page post-entry-1847'><div class='entry-content-wrapper clearfix'>\n<div  class='flex_column av-gjii3-f9af1d983ded399e60b72095ab24017d av_one_full  avia-builder-el-1  avia-builder-el-no-sibling  first flex_column_div  '     ><style type=\"text\/css\" data-created_by=\"avia_inline_auto\" id=\"style-css-av-m6hzyqs8-cd5b20f8283b1d63f4d27832f254bec5\">\n#top .av-special-heading.av-m6hzyqs8-cd5b20f8283b1d63f4d27832f254bec5{\npadding-bottom:10px;\ncolor:#ffffff;\n}\nbody .av-special-heading.av-m6hzyqs8-cd5b20f8283b1d63f4d27832f254bec5 .av-special-heading-tag .heading-char{\nfont-size:25px;\n}\n.av-special-heading.av-m6hzyqs8-cd5b20f8283b1d63f4d27832f254bec5 .special-heading-inner-border{\nborder-color:#ffffff;\n}\n.av-special-heading.av-m6hzyqs8-cd5b20f8283b1d63f4d27832f254bec5 .av-subheading{\nfont-size:15px;\n}\n<\/style>\n<div  class='av-special-heading av-m6hzyqs8-cd5b20f8283b1d63f4d27832f254bec5 av-special-heading-h1 custom-color-heading blockquote modern-quote modern-centered  avia-builder-el-2  avia-builder-el-no-sibling '><h1 class='av-special-heading-tag '  itemprop=\"headline\"  >Contacte<\/h1><div class='av_custom_color av-subheading av-subheading_below'><p>Grues i transports &gt; Contacte<\/p>\n<\/div><div class=\"special-heading-border\"><div class=\"special-heading-inner-border\"><\/div><\/div><\/div><\/div>\n\n<\/div><\/div><\/main><!-- close content main element --><\/div><\/div><\/div><div id='av_section_2'  class='avia-section av-18t04r-839998425392f709566f51964c6faedd main_color avia-section-default avia-no-border-styling  avia-builder-el-3  el_after_av_section  el_before_av_google_map  avia-bg-style-scroll container_wrap sidebar_right'  ><div class='container av-section-cont-open' ><div class='template-page content  av-content-small alpha units'><div class='post-entry post-entry-type-page post-entry-1847'><div class='entry-content-wrapper clearfix'>\n<div class='flex_column_table av-m6i0javj-8e408291de1dfcc207a731aaaf9b75a1 sc-av_one_half av-equal-height-column-flextable'>\n<style type=\"text\/css\" data-created_by=\"avia_inline_auto\" id=\"style-css-av-m6i0javj-8e408291de1dfcc207a731aaaf9b75a1\">\n.flex_column.av-m6i0javj-8e408291de1dfcc207a731aaaf9b75a1{\nwidth:48.5%;\nmargin-left:0;\nbackground-color:#ffffff;\n}\n#top .flex_column_table.av-equal-height-column-flextable.av-m6i0javj-8e408291de1dfcc207a731aaaf9b75a1 .av-flex-placeholder{\nwidth:3%;\n}\n<\/style>\n<div  class='flex_column av-m6i0javj-8e408291de1dfcc207a731aaaf9b75a1 av_one_half  avia-builder-el-4  el_before_av_one_half  avia-builder-el-first  first flex_column_table_cell av-equal-height-column av-align-middle  '     ><p>\n<style type=\"text\/css\" data-created_by=\"avia_inline_auto\" id=\"style-css-av-m6i03nap-b0d5ba8e59e0d441347db78891844b60\">\n#top .av-special-heading.av-m6i03nap-b0d5ba8e59e0d441347db78891844b60{\npadding-bottom:10px;\n}\nbody .av-special-heading.av-m6i03nap-b0d5ba8e59e0d441347db78891844b60 .av-special-heading-tag .heading-char{\nfont-size:25px;\n}\n.av-special-heading.av-m6i03nap-b0d5ba8e59e0d441347db78891844b60 .av-subheading{\nfont-size:15px;\n}\n<\/style>\n<div  class='av-special-heading av-m6i03nap-b0d5ba8e59e0d441347db78891844b60 av-special-heading-h2 blockquote modern-quote  avia-builder-el-5  el_before_av_codeblock  avia-builder-el-first '><h2 class='av-special-heading-tag '  itemprop=\"headline\"  >Som aqu\u00ed per ajudar-te<\/h2><div class='av-subheading av-subheading_below'><p>Contacta amb nosaltres<\/p>\n<\/div><div class=\"special-heading-border\"><div class=\"special-heading-inner-border\"><\/div><\/div><\/div><br \/>\n<br \/>\n<section  class='av_textblock_section av-m6i0363j-625b5e2f0f5d92a7f71a9bf41c581daf '   itemscope=\"itemscope\" itemtype=\"https:\/\/schema.org\/CreativeWork\" ><div class='avia_textblock'  itemprop=\"text\" ><p>A <strong>Grues i Transports Valls Rutllant,<\/strong> estem a la vostra disposici\u00f3 per resoldre qualsevol dubte o assessorar-vos en el servei que necessiteu. Posa&#8217;t en contacte amb nosaltres i rep atenci\u00f3 personalitzada del nostre equip.<\/p>\n<p>\ud83d\udcde Tel\u00e8fon: <a style=\"font-family: inherit; font-size: inherit; font-style: inherit; font-variant-ligatures: inherit; font-variant-caps: inherit; font-weight: inherit;\" title=\"+34 669 868 010\" href=\"tel:+34669868010\">+34 669 868 010<\/a><\/p>\n<p>\ud83d\udce7 E-mail: <a style=\"font-family: inherit; font-size: inherit; font-style: inherit; font-variant-ligatures: inherit; font-variant-caps: inherit; font-weight: inherit;\" title=\"info@gruesvallsrutllant.com \" href=\"mailto:info@gruesvallsrutllant.com\">info@gruesvallsrutllant.com<\/a><\/p>\n<p>Si necessites un servei de transport o elevaci\u00f3 de c\u00e0rregues, explica&#8217;ns els detalls i t&#8217;enviarem un pressupost sense comprom\u00eds.<\/p>\n<\/div><\/section><\/p><\/div><div class='av-flex-placeholder'><\/div>\n<style type=\"text\/css\" data-created_by=\"avia_inline_auto\" id=\"style-css-av-m6i0jg5s-468a55ca974902f7312b070483659844\">\n.flex_column.av-m6i0jg5s-468a55ca974902f7312b070483659844{\nwidth:48.5%;\nmargin-left:0;\nbackground-color:#ffffff;\n}\n#top .flex_column_table.av-equal-height-column-flextable.av-m6i0jg5s-468a55ca974902f7312b070483659844 .av-flex-placeholder{\nwidth:3%;\n}\n<\/style>\n<div  class='flex_column av-m6i0jg5s-468a55ca974902f7312b070483659844 av_one_half  avia-builder-el-8  el_after_av_one_half  avia-builder-el-last  flex_column_table_cell av-equal-height-column av-align-middle  '     ><form action=\"https:\/\/gruesvallsrutllant.com\/ca\/contacte\/\" method=\"post\" data-fields-with-error=\"Found errors in the following field(s):\" class=\"avia_ajax_form av-form-labels-hidden   avia-builder-el-9  avia-builder-el-no-sibling   \" data-avia-form-id=\"1\" data-avia-redirect=''  aria-label='Formulario de contacto' ><fieldset><p class='  first_form  form_element form_element_half' id='element_avia_1_1'><label for=\"avia_1_1\">Nom <abbr class=\"required\" title=\"obligatori\">*<\/abbr><\/label> <input name=\"avia_1_1\" class=\"text_input is_empty\" type=\"text\" id=\"avia_1_1\" value=\"\"  placeholder='Nom*'\/><\/p><p class='  form_element form_element_half' id='element_avia_2_1'><label for=\"avia_2_1\">Localitat <abbr class=\"required\" title=\"obligatori\">*<\/abbr><\/label> <input name=\"avia_2_1\" class=\"text_input is_empty\" type=\"text\" id=\"avia_2_1\" value=\"\"  placeholder='Localitat*'\/><\/p><p class='  first_form  form_element form_element_half' id='element_avia_3_1'><label for=\"avia_3_1\">Correu electr\u00f2nic <abbr class=\"required\" title=\"obligatori\">*<\/abbr><\/label> <input name=\"avia_3_1\" class=\"text_input is_email\" type=\"text\" id=\"avia_3_1\" value=\"\"  placeholder='Correu electr\u00f2nic*'\/><\/p><p class='  form_element form_element_half' id='element_avia_4_1'><label for=\"avia_4_1\">Tel\u00e8fon <abbr class=\"required\" title=\"obligatori\">*<\/abbr><\/label> <input name=\"avia_4_1\" class=\"text_input is_number\" type=\"text\" id=\"avia_4_1\" value=\"\"  placeholder='Tel\u00e8fon*'\/><\/p><p class='  first_form  form_element form_fullwidth' id='element_avia_5_1'><label for=\"avia_5_1\" class=\"textare_label hidden textare_label_avia_5_1\">Qu\u00e8 necessites?<\/label><textarea  placeholder='Qu\u00e8 necessites?' name=\"avia_5_1\" class=\"text_area \" cols=\"40\" rows=\"7\" id=\"avia_5_1\" ><\/textarea><\/p><p class=\"hidden\"><input type=\"text\" name=\"avia_6_1\" class=\"hidden \" id=\"avia_6_1\" value=\"\" \/><\/p><div id='avia_7_1' class='av-recaptcha-area  first_form  form_element form_fullwidth av-last-visible-form-element '  data-container_class=\"\" data-custom_class=\"\" data-context=\"av_contact_form\" data-token_input=\"av_recaptcha_token\" data-version=\"avia_recaptcha_v3\" data-theme=\"light\" data-size=\"normal\" data-score=\"0.5\" data-text_to_preview=\"\" data-value=\"\"><div class=\"av-google-badge-message hidden\">This site is protected by reCAPTCHA and the Google <a href=\"https:\/\/policies.google.com\/privacy\">Privacy Policy<\/a> and <a href=\"https:\/\/policies.google.com\/terms\">Terms of Service<\/a> apply.<\/div><\/div><p class=' av_form_privacy_check av_contact_privacy_check first_form  form_element form_fullwidth' id='element_avia_8_1'><input  name=\"avia_8_1\" class=\"input_checkbox is_empty\" type=\"checkbox\" id=\"avia_8_1\" value=\"true\"\/><label class=\"input_checkbox_label\" for=\"avia_8_1\">Accepto els termes i condicions establerts a la <a href='https:\/\/gruesvallsrutllant.com\/politica-de-privacidad\/' target='_blank'>Pol\u00edtica de privadesa<\/a> <abbr class=\"required\" title=\"obligatori\">*<\/abbr><\/label><\/p><p class=\"form_element \"><input type=\"hidden\" value=\"1\" name=\"avia_generated_form1\" \/><input type=\"submit\" value=\"Enviar\" class=\"button\"  data-sending-label=\"Enviant\"\/><\/p><\/fieldset><div class=\"avia-disabled-form\">This contact form is deactivated because you refused to accept Google reCaptcha service which is necessary to validate any messages sent by the form.<\/div><\/form><div id=\"ajaxresponse_1\" class=\"ajaxresponse ajaxresponse_1 hidden\"><\/div><\/div><\/div><!--close column table wrapper. Autoclose: 1 --><div  class='av_gmaps_sc_main_wrap av_gmaps_main_wrap '><div id='av_gmap_0' class='avia-google-map-container avia-google-map-sc av_gmaps_show_unconditionally av-no-fallback-img ' data-mapid='av_gmap_0'  style='height: 400px;'><a class=\"av_gmaps_browser_disabled av_text_confirm_link av_text_confirm_link_visible\" href=\"https:\/\/www.google.com\/maps\/search\/?api=1&#038;query=Pol\u00edgon%20Industrial%20Can%20Baltasar,%20Carretera%20B-682%20km%202%2008389%20%20Palafolls%20Barcelona%20Espa\u00f1a\" target=\"_blank\">Maps were disabled by the visitor on this site. Click to open the map in a new window.<\/a><\/div><\/div><\/p>\n","protected":false},"excerpt":{"rendered":"","protected":false},"author":1,"featured_media":0,"parent":0,"menu_order":0,"comment_status":"closed","ping_status":"closed","template":"","meta":{"footnotes":""},"class_list":["post-1847","page","type-page","status-publish","hentry"],"yoast_head":"<!-- This site is optimized with the Yoast SEO plugin v27.4 - https:\/\/yoast.com\/product\/yoast-seo-wordpress\/ -->\n<title>Contacte - Grues Valls Rutllant<\/title>\n<meta name=\"description\" content=\"Contacta amb Grues i Transports Valls Rutllant. Demana el teu pressupost sense comprom\u00eds per a elevaci\u00f3 i transport a Barcelona i Girona.\" \/>\n<meta name=\"robots\" content=\"index, follow, max-snippet:-1, max-image-preview:large, max-video-preview:-1\" \/>\n<link rel=\"canonical\" href=\"https:\/\/gruesvallsrutllant.com\/ca\/contacte\/\" \/>\n<meta property=\"og:locale\" content=\"ca_ES\" \/>\n<meta property=\"og:type\" content=\"article\" \/>\n<meta property=\"og:title\" content=\"Contacte - Grues Valls Rutllant\" \/>\n<meta property=\"og:description\" content=\"Contacta amb Grues i Transports Valls Rutllant. Demana el teu pressupost sense comprom\u00eds per a elevaci\u00f3 i transport a Barcelona i Girona.\" \/>\n<meta property=\"og:url\" content=\"https:\/\/gruesvallsrutllant.com\/ca\/contacte\/\" \/>\n<meta property=\"og:site_name\" content=\"Grues Valls Rutllant\" \/>\n<meta property=\"article:modified_time\" content=\"2025-03-24T14:17:35+00:00\" \/>\n<meta property=\"og:image\" content=\"https:\/\/gruesvallsrutllant.com\/wp-content\/uploads\/2025\/01\/barra.png\" \/>\n<meta name=\"twitter:card\" content=\"summary_large_image\" \/>\n<meta name=\"twitter:label1\" content=\"Temps estimat de lectura\" \/>\n\t<meta name=\"twitter:data1\" content=\"1 minut\" \/>\n<script type=\"application\/ld+json\" class=\"yoast-schema-graph\">{\"@context\":\"https:\\\/\\\/schema.org\",\"@graph\":[{\"@type\":\"WebPage\",\"@id\":\"https:\\\/\\\/gruesvallsrutllant.com\\\/ca\\\/contacte\\\/\",\"url\":\"https:\\\/\\\/gruesvallsrutllant.com\\\/ca\\\/contacte\\\/\",\"name\":\"Contacte - Grues Valls Rutllant\",\"isPartOf\":{\"@id\":\"https:\\\/\\\/gruesvallsrutllant.com\\\/#website\"},\"primaryImageOfPage\":{\"@id\":\"https:\\\/\\\/gruesvallsrutllant.com\\\/ca\\\/contacte\\\/#primaryimage\"},\"image\":{\"@id\":\"https:\\\/\\\/gruesvallsrutllant.com\\\/ca\\\/contacte\\\/#primaryimage\"},\"thumbnailUrl\":\"https:\\\/\\\/gruesvallsrutllant.com\\\/wp-content\\\/uploads\\\/2025\\\/01\\\/barra.png\",\"datePublished\":\"2025-01-20T08:31:06+00:00\",\"dateModified\":\"2025-03-24T14:17:35+00:00\",\"description\":\"Contacta amb Grues i Transports Valls Rutllant. Demana el teu pressupost sense comprom\u00eds per a elevaci\u00f3 i transport a Barcelona i Girona.\",\"breadcrumb\":{\"@id\":\"https:\\\/\\\/gruesvallsrutllant.com\\\/ca\\\/contacte\\\/#breadcrumb\"},\"inLanguage\":\"ca\",\"potentialAction\":[{\"@type\":\"ReadAction\",\"target\":[\"https:\\\/\\\/gruesvallsrutllant.com\\\/ca\\\/contacte\\\/\"]}]},{\"@type\":\"ImageObject\",\"inLanguage\":\"ca\",\"@id\":\"https:\\\/\\\/gruesvallsrutllant.com\\\/ca\\\/contacte\\\/#primaryimage\",\"url\":\"https:\\\/\\\/gruesvallsrutllant.com\\\/wp-content\\\/uploads\\\/2025\\\/01\\\/barra.png\",\"contentUrl\":\"https:\\\/\\\/gruesvallsrutllant.com\\\/wp-content\\\/uploads\\\/2025\\\/01\\\/barra.png\"},{\"@type\":\"BreadcrumbList\",\"@id\":\"https:\\\/\\\/gruesvallsrutllant.com\\\/ca\\\/contacte\\\/#breadcrumb\",\"itemListElement\":[{\"@type\":\"ListItem\",\"position\":1,\"name\":\"Inici\",\"item\":\"https:\\\/\\\/gruesvallsrutllant.com\\\/ca\\\/inici\\\/\"},{\"@type\":\"ListItem\",\"position\":2,\"name\":\"Contacte\"}]},{\"@type\":\"WebSite\",\"@id\":\"https:\\\/\\\/gruesvallsrutllant.com\\\/#website\",\"url\":\"https:\\\/\\\/gruesvallsrutllant.com\\\/\",\"name\":\"Grues Valls Rutllant\",\"description\":\"\",\"potentialAction\":[{\"@type\":\"SearchAction\",\"target\":{\"@type\":\"EntryPoint\",\"urlTemplate\":\"https:\\\/\\\/gruesvallsrutllant.com\\\/?s={search_term_string}\"},\"query-input\":{\"@type\":\"PropertyValueSpecification\",\"valueRequired\":true,\"valueName\":\"search_term_string\"}}],\"inLanguage\":\"ca\"}]}<\/script>\n<!-- \/ Yoast SEO plugin. -->","yoast_head_json":{"title":"Contacte - Grues Valls Rutllant","description":"Contacta amb Grues i Transports Valls Rutllant. Demana el teu pressupost sense comprom\u00eds per a elevaci\u00f3 i transport a Barcelona i Girona.","robots":{"index":"index","follow":"follow","max-snippet":"max-snippet:-1","max-image-preview":"max-image-preview:large","max-video-preview":"max-video-preview:-1"},"canonical":"https:\/\/gruesvallsrutllant.com\/ca\/contacte\/","og_locale":"ca_ES","og_type":"article","og_title":"Contacte - Grues Valls Rutllant","og_description":"Contacta amb Grues i Transports Valls Rutllant. Demana el teu pressupost sense comprom\u00eds per a elevaci\u00f3 i transport a Barcelona i Girona.","og_url":"https:\/\/gruesvallsrutllant.com\/ca\/contacte\/","og_site_name":"Grues Valls Rutllant","article_modified_time":"2025-03-24T14:17:35+00:00","og_image":[{"url":"https:\/\/gruesvallsrutllant.com\/wp-content\/uploads\/2025\/01\/barra.png","type":"","width":"","height":""}],"twitter_card":"summary_large_image","twitter_misc":{"Temps estimat de lectura":"1 minut"},"schema":{"@context":"https:\/\/schema.org","@graph":[{"@type":"WebPage","@id":"https:\/\/gruesvallsrutllant.com\/ca\/contacte\/","url":"https:\/\/gruesvallsrutllant.com\/ca\/contacte\/","name":"Contacte - Grues Valls Rutllant","isPartOf":{"@id":"https:\/\/gruesvallsrutllant.com\/#website"},"primaryImageOfPage":{"@id":"https:\/\/gruesvallsrutllant.com\/ca\/contacte\/#primaryimage"},"image":{"@id":"https:\/\/gruesvallsrutllant.com\/ca\/contacte\/#primaryimage"},"thumbnailUrl":"https:\/\/gruesvallsrutllant.com\/wp-content\/uploads\/2025\/01\/barra.png","datePublished":"2025-01-20T08:31:06+00:00","dateModified":"2025-03-24T14:17:35+00:00","description":"Contacta amb Grues i Transports Valls Rutllant. Demana el teu pressupost sense comprom\u00eds per a elevaci\u00f3 i transport a Barcelona i Girona.","breadcrumb":{"@id":"https:\/\/gruesvallsrutllant.com\/ca\/contacte\/#breadcrumb"},"inLanguage":"ca","potentialAction":[{"@type":"ReadAction","target":["https:\/\/gruesvallsrutllant.com\/ca\/contacte\/"]}]},{"@type":"ImageObject","inLanguage":"ca","@id":"https:\/\/gruesvallsrutllant.com\/ca\/contacte\/#primaryimage","url":"https:\/\/gruesvallsrutllant.com\/wp-content\/uploads\/2025\/01\/barra.png","contentUrl":"https:\/\/gruesvallsrutllant.com\/wp-content\/uploads\/2025\/01\/barra.png"},{"@type":"BreadcrumbList","@id":"https:\/\/gruesvallsrutllant.com\/ca\/contacte\/#breadcrumb","itemListElement":[{"@type":"ListItem","position":1,"name":"Inici","item":"https:\/\/gruesvallsrutllant.com\/ca\/inici\/"},{"@type":"ListItem","position":2,"name":"Contacte"}]},{"@type":"WebSite","@id":"https:\/\/gruesvallsrutllant.com\/#website","url":"https:\/\/gruesvallsrutllant.com\/","name":"Grues Valls Rutllant","description":"","potentialAction":[{"@type":"SearchAction","target":{"@type":"EntryPoint","urlTemplate":"https:\/\/gruesvallsrutllant.com\/?s={search_term_string}"},"query-input":{"@type":"PropertyValueSpecification","valueRequired":true,"valueName":"search_term_string"}}],"inLanguage":"ca"}]}},"_links":{"self":[{"href":"https:\/\/gruesvallsrutllant.com\/ca\/wp-json\/wp\/v2\/pages\/1847","targetHints":{"allow":["GET"]}}],"collection":[{"href":"https:\/\/gruesvallsrutllant.com\/ca\/wp-json\/wp\/v2\/pages"}],"about":[{"href":"https:\/\/gruesvallsrutllant.com\/ca\/wp-json\/wp\/v2\/types\/page"}],"author":[{"embeddable":true,"href":"https:\/\/gruesvallsrutllant.com\/ca\/wp-json\/wp\/v2\/users\/1"}],"replies":[{"embeddable":true,"href":"https:\/\/gruesvallsrutllant.com\/ca\/wp-json\/wp\/v2\/comments?post=1847"}],"version-history":[{"count":0,"href":"https:\/\/gruesvallsrutllant.com\/ca\/wp-json\/wp\/v2\/pages\/1847\/revisions"}],"wp:attachment":[{"href":"https:\/\/gruesvallsrutllant.com\/ca\/wp-json\/wp\/v2\/media?parent=1847"}],"curies":[{"name":"wp","href":"https:\/\/api.w.org\/{rel}","templated":true}]}}