{"id":1856,"date":"2025-01-20T08:22:22","date_gmt":"2025-01-20T08:22:22","guid":{"rendered":"https:\/\/gruesvallsrutllant.com\/aviso-legal\/"},"modified":"2025-03-24T14:25:03","modified_gmt":"2025-03-24T14:25:03","slug":"avis-legal","status":"publish","type":"page","link":"https:\/\/gruesvallsrutllant.com\/ca\/avis-legal\/","title":{"rendered":"Av\u00eds legal"},"content":{"rendered":"\r\n<h2 class=\"wp-block-heading has-text-align-center\" style=\"text-align: center;\">Av\u00eds legal<\/h2>\r\n\r\n\r\n\r\n<p class=\"\" data-start=\"16\" data-end=\"41\"><strong data-start=\"16\" data-end=\"41\">DADES IDENTIFICATIVES<\/strong><\/p>\r\n<p class=\"\" data-start=\"43\" data-end=\"258\">En compliment del deure d&#8217;informaci\u00f3 recollit a l&#8217;article 10 de la Llei 34\/2002, de 11 de juliol, de Serveis de la Societat de la Informaci\u00f3 i del Comer\u00e7 Electr\u00f2nic, a continuaci\u00f3 es reflecteixen les seg\u00fcents dades:<\/p>\r\n<p class=\"\" data-start=\"260\" data-end=\"516\">L&#8217;empresa titular d&#8217;aquest lloc web \u00e9s \u00ab<strong>GR\u00daES I TRANSPORTS VALLS RUTLLANT<\/strong>\u201d, amb domicili a Acc\u00e9s a la Carretera Costa Brava, 8380 Malgrat de Mar, Barcelona, Espanya, amb n\u00famero de NIF: 38848199A, Correu electr\u00f2nic de contacte <strong><a rel=\"noopener\" data-start=\"486\" data-end=\"516\">raubanellfrancitorra@gmail.com<\/a><\/strong><\/p>\r\n<p class=\"\" data-start=\"518\" data-end=\"732\">La informaci\u00f3 continguda a <strong data-start=\"545\" data-end=\"571\">gruesvallsrutllant.com<\/strong> constitueix un servei d&#8217;informaci\u00f3 dels diversos esdeveniments, productes i serveis que ofereix \u00abGR\u00daES I TRANSPORTS VALLS RUTLLANT\u201d (d&#8217;ara endavant \u00abL&#8217;empresa\u00bb)<\/p>\r\n<p class=\"\" data-start=\"734\" data-end=\"771\"><strong data-start=\"734\" data-end=\"771\">ACCEPTACI\u00d3 DE LES CONDICIONS D&#8217;\u00daS<\/strong><\/p>\r\n<p class=\"\" data-start=\"773\" data-end=\"1211\">L&#8217;acc\u00e9s a la web <strong data-start=\"790\" data-end=\"816\">gruesvallsrutllant.com<\/strong> exigeix l&#8217;acceptaci\u00f3 de les condicions d&#8217;\u00fas, la seva pol\u00edtica i av\u00eds legal que en cada moment es trobin vigents en aquest web sense necessitat de previ av\u00eds, excepte si es produeixen variacions substancials. El fet de navegar o utilitzar aquest mitj\u00e0, unit a la selecci\u00f3 dels check-ins en els diferents formularis, suposa l&#8217;acceptaci\u00f3 inequ\u00edvoca d&#8217;aquestes, quan es faciliten dades de contacte.<\/p>\r\n<p class=\"\" data-start=\"1213\" data-end=\"1240\"><strong data-start=\"1213\" data-end=\"1240\">PROPIETAT INTEL\u00b7LECTUAL<\/strong><\/p>\r\n<p class=\"\" data-start=\"1242\" data-end=\"1799\">El codi font, els dissenys gr\u00e0fics, les imatges, les fotografies, les animacions, el programari, els textos, aix\u00ed com la informaci\u00f3 i els continguts que es recullen a <strong data-start=\"1409\" data-end=\"1443\"><a rel=\"noopener\" data-start=\"1411\" data-end=\"1441\">raubanellfrancitorra@gmail.com<\/a><\/strong> estan protegits per la legislaci\u00f3 espanyola sobre els drets de propietat intel\u00b7lectual i industrial a favor de \u00abL&#8217;empresa\u00bb, i no es permet la reproducci\u00f3 total o parcial d&#8217;aquest web, ni el seu tractament inform\u00e0tic, comunicaci\u00f3 p\u00fablica, distribuci\u00f3, difusi\u00f3, modificaci\u00f3, transformaci\u00f3 o descompilaci\u00f3, sense el perm\u00eds previ i per escrit del seu titular.<\/p>\r\n<p class=\"\" data-start=\"1801\" data-end=\"2126\">L&#8217;usuari, \u00fanicament i exclusivament, podr\u00e0 utilitzar el material que aparegui en aquest web per al seu \u00fas personal i privat, quedant prohibida la seva utilitzaci\u00f3 amb fins comercials o per a incorrer en activitats il\u00b7l\u00edcites. Tots els drets derivats de la propietat intel\u00b7lectual estan expressament reservats per \u00abL&#8217;empresa\u00bb.<\/p>\r\n<p class=\"\" data-start=\"2128\" data-end=\"2397\">\u00abL&#8217;empresa\u00bb vetllar\u00e0 pel compliment de les anteriors condicions i per la deguda utilitzaci\u00f3 dels continguts presentats al seu portal, exercint totes les accions civils i penals que li corresponguin en cas d&#8217;infracci\u00f3 o incompliment d&#8217;aquests drets per part de l&#8217;usuari.<\/p>\r\n<p class=\"\" data-start=\"2399\" data-end=\"2442\"><strong data-start=\"2399\" data-end=\"2442\">PROTECCI\u00d3 DE DADES DE CAR\u00c0CTER PERSONAL<\/strong><\/p>\r\n<p class=\"\" data-start=\"2444\" data-end=\"2925\">L&#8217;acc\u00e9s a la p\u00e0gina web o el seu \u00fas no implica una recollida de dades personals de l&#8217;usuari per part de \u00abL&#8217;empresa\u00bb. No obstant aix\u00f2, es comunica que, en el cas que \u00abL&#8217;empresa\u00bb sol\u00b7liciti dades personals, es recollir\u00e0 degudament el consentiment i es informar\u00e0 degudament a l&#8217;usuari conforme al que estableix l&#8217;article 13 del Reglament Europeu 2016\/679 de 27 d&#8217;abril (RGPD), de Protecci\u00f3 de Dades de Car\u00e0cter Personal. (Formularis de contacte o b\u00e9 qualsevol sol\u00b7licitud de serveis).<\/p>\r\n<p class=\"\" data-start=\"2927\" data-end=\"3096\">Les Dades Personals que es recullen als formularis de sol\u00b7licitud d&#8217;informaci\u00f3 de \u00abL&#8217;empresa\u00bb seran objecte de tractament mixt i s&#8217;incorporaran al Registre d&#8217;Activitats.<\/p>\r\n<p class=\"\" data-start=\"3098\" data-end=\"3415\">La recollida i el tractament mixt de les Dades de Car\u00e0cter Personal t\u00e9 com a finalitat el manteniment de la relaci\u00f3 sol\u00b7licitada que en el seu cas s&#8217;estableixi amb \u00abL&#8217;empresa\u00bb, aix\u00ed com la gesti\u00f3, administraci\u00f3, informaci\u00f3, prestaci\u00f3 i millora dels serveis o productes que l&#8217;usuari decideixi sol\u00b7licitar o contractar.<\/p>\r\n<p class=\"\" data-start=\"3417\" data-end=\"3587\">Aquesta part no assumeix cap responsabilitat per la falsedat de la informaci\u00f3 facilitada, podent, i no renunciant, a les accions que poguessin derivar-se d&#8217;aquesta acci\u00f3.<\/p>\r\n<p class=\"\" data-start=\"3589\" data-end=\"4398\">\u00abL&#8217;empresa\u00bb ha pres les mesures d&#8217;\u00edndole t\u00e8cnica i organitzativa necess\u00e0ries per garantir la seguretat de les dades i evitar la seva alteraci\u00f3, p\u00e8rdua, tractament o acc\u00e9s no autoritzat, tenint en compte l&#8217;estat de la tecnologia, la naturalesa de les dades emmagatzemades i els riscos als quals estan exposades, ja provinguin de l&#8217;acci\u00f3 humana o del medi f\u00edsic o natural. S&#8217;adoptaran les mesures d&#8217;\u00edndole t\u00e8cnica i organitzativa que persegueixin aconseguir els objectius b\u00e0sics en mat\u00e8ria de seguretat, com s\u00f3n: la confidencialitat, entesa com la limitaci\u00f3 d&#8217;acc\u00e9s a la informaci\u00f3 per persones no autoritzades; la integritat, entesa com el manteniment de la informaci\u00f3 fiable i amb qualitat, i la disponibilitat, entesa com la garantia d&#8217;acc\u00e9s al Sistema d&#8217;Informaci\u00f3 per la sol\u00b7licitud d&#8217;un usuari autoritzat.<\/p>\r\n<p class=\"\" data-start=\"4400\" data-end=\"4595\">La corporaci\u00f3 no realitza cessi\u00f3 de dades en l&#8217;actualitat. En el seu cas, qualsevol possible cessi\u00f3 estar\u00e0 emparada en el compliment obligat de la legislaci\u00f3 o b\u00e9 en el seu consentiment expl\u00edcit.<\/p>\r\n<p class=\"\" data-start=\"4597\" data-end=\"4822\">Per finalitzar, \u00abL&#8217;empresa\u00bb podr\u00e0 remetre correu electr\u00f2nic i incloure&#8217;l al newsletter que remeti amb informaci\u00f3 de possibles operacions que puguin ser del seu inter\u00e8s, sol\u00b7licitant-li el consentiment concret a aquest efecte.<\/p>\r\n<p class=\"\" data-start=\"4824\" data-end=\"4903\">En la pol\u00edtica de privacitat, document que complementa el present, es detallen.<\/p>\r\n<p class=\"\" data-start=\"4905\" data-end=\"4916\"><strong data-start=\"4905\" data-end=\"4916\">COOKIES<\/strong><\/p>\r\n<p class=\"\" data-start=\"4918\" data-end=\"5690\">Les cookies s\u00f3n petits arxius que el nostre ordinador transmet al seu, per\u00f2 que no ens proporciona informaci\u00f3 ni sobre el seu nom, ni sobre qualsevol altre dada de car\u00e0cter personal. L&#8217;\u00fas de cookies a la web \u00abL&#8217;empresa\u00bb es limita \u00fanicament i exclusivament a efectes de funcionament, seguretat i estad\u00edstics. Les cookies que utilitzem no poden llegir dades del seu ordinador ni llegir les cookies que existissin al seu ordinador d&#8217;altres p\u00e0gines web. Si vol, pot configurar el seu navegador perqu\u00e8 li avisi a la pantalla que rebr\u00e0 una cookie. Si l&#8217;usuari decideix que el seu ordinador no rebi aquestes cookies, aix\u00f2 no impedir\u00e0 que es pugui accedir a la informaci\u00f3 de la p\u00e0gina <strong data-start=\"5595\" data-end=\"5629\"><a rel=\"noopener\" data-start=\"5597\" data-end=\"5627\">raubanellfrancitorra@gmail.com<\/a><\/strong> (El contingut de cookies el trobar\u00e0 en Pol\u00edtica de cookies).<\/p>\r\n<p class=\"\" data-start=\"5692\" data-end=\"5727\"><strong data-start=\"5692\" data-end=\"5727\">REGISTRE I CONTRASENYES D&#8217;ACC\u00c9S<\/strong><\/p>\r\n<p class=\"\" data-start=\"5729\" data-end=\"5970\">\u00abL&#8217;empresa\u00bb proporciona de manera confidencial a cadascun dels seus clients un nom d&#8217;usuari i una contrasenya d&#8217;acc\u00e9s, la qual \u00e9s \u00fanica, personal i intransferible, sent condici\u00f3 necess\u00e0ria per accedir a determinats serveis inclosos a la web.<\/p>\r\n<p class=\"\" data-start=\"5972\" data-end=\"6234\">L&#8217;usuari es compromet a preservar la confidencialitat de la seva contrasenya, podent sol\u00b7licitar la seva modificaci\u00f3 en cas de p\u00e8rdua, coneixement per altres persones o qualsevol altra circumst\u00e0ncia que impedeixi o dificulti el normal funcionament del seu acc\u00e9s.<\/p>\r\n<p class=\"\" data-start=\"6236\" data-end=\"6415\">\u00abL&#8217;empresa\u00bb es reserva el dret a anul\u00b7lar discrecionalment la contrasenya d&#8217;acc\u00e9s d&#8217;algun usuari quan concorrin circumst\u00e0ncies de les quals es presumptin utilitzacions il\u00b7l\u00edcites.<\/p>\r\n<p class=\"\" data-start=\"6417\" data-end=\"6691\">L&#8217;usuari assumeix la plena responsabilitat i, per tant, totes les obligacions que es derivin de l&#8217;\u00fas dels diferents serveis i productes als quals s&#8217;accedeix amb clau d&#8217;acc\u00e9s o per la utilitzaci\u00f3 que d&#8217;ells realitzin terceres persones accedint amb la contrasenya de l&#8217;usuari.<\/p>\r\n<p class=\"\" data-start=\"6693\" data-end=\"6728\"><strong data-start=\"6693\" data-end=\"6728\">LIMITACI\u00d3 DE LA RESPONSABILITAT<\/strong><\/p>\r\n<p class=\"\" data-start=\"6730\" data-end=\"6946\">\u00abL&#8217;empresa\u00bb no es responsabilitza dels possibles danys o perjudicis que puguin succeir com a conseq\u00fc\u00e8ncia de l&#8217;\u00fas dels continguts de la web, sent de responsabilitat exclusiva de l&#8217;usuari que accedeixi a les mateixes.<\/p>\r\n<p class=\"\" data-start=\"6948\" data-end=\"7456\">En el mateix sentit, \u00abL&#8217;empresa\u00bb no es responsabilitza dels possibles perjudicis que es puguin derivar de l&#8217;\u00fas d&#8217;una versi\u00f3 no actualitzada o defectuosa del navegador, d&#8217;interrupcions en la connexi\u00f3 que es produeixin durant la transmissi\u00f3 de dades, virus inform\u00e0tics, averies o desconnexions en el funcionament del sistema telem\u00e0tic, de bloquejos causats per defici\u00e8ncies o sobrec\u00e0rregues de les l\u00ednies telef\u00f2niques, aix\u00ed com de danys provocats per terceres persones mitjan\u00e7ant intromissions no autoritzades.<\/p>\r\n<p class=\"\" data-start=\"7458\" data-end=\"7875\">Les webs de \u00abL&#8217;empresa\u00bb contenen enlla\u00e7os a altres p\u00e0gines web que poden resultar d&#8217;inter\u00e8s per als usuaris. \u00abL&#8217;empresa\u00bb no assumeix cap responsabilitat sobre aquests enlla\u00e7os, no podent garantir el compliment de Pol\u00edtiques de Privacitat adequades, motiu pel qual l&#8217;usuari accedeix al contingut de les referides p\u00e0gines web en les condicions d&#8217;\u00fas que es fixin en les mateixes i sota la seva exclusiva responsabilitat.<\/p>\r\n<p class=\"\" data-start=\"7877\" data-end=\"8089\">\u00abL&#8217;empresa\u00bb no es fa responsable de l&#8217;incompliment de qualsevol norma aplicable que pugui inc\u00f3rrer l&#8217;usuari en el seu acc\u00e9s a la web <strong data-start=\"8010\" data-end=\"8036\">gruesvallsrutllant.com<\/strong> i\/o en l&#8217;\u00fas de les informacions contingudes en ella.<\/p>\r\n<p class=\"\" data-start=\"8091\" data-end=\"8335\">\u00abL&#8217;empresa\u00bb es reserva el dret a interrompre o denegar discrecionalment, en qualsevol moment i sense necessitat de previ av\u00eds, l&#8217;acc\u00e9s de qualsevol usuari als continguts d&#8217;acc\u00e9s restringit, quan concorrin alguna de les circumst\u00e0ncies descrites.<\/p>\r\n<p class=\"\" data-start=\"8337\" data-end=\"8349\"><strong data-start=\"8337\" data-end=\"8349\">ENLLA\u00c7OS<\/strong><\/p>\r\n<p class=\"\" data-start=\"8351\" data-end=\"8730\">Tots els enlla\u00e7os o links, hipertextuals, profunds, framing o qualsevol altre tipus de connexi\u00f3 virtual a trav\u00e9s de xarxes de telecomunicaci\u00f3 des de qualsevol lloc web a les nostres p\u00e0gines web, hauran de ser sol\u00b7licitats i autoritzats pr\u00e8viament i per escrit per \u00abL&#8217;empresa\u00bb, i en el seu defecte els enlla\u00e7os que es facin a aquest web, hauran de fer-se a la seva p\u00e0gina d&#8217;inici.<\/p>\r\n<p class=\"\" data-start=\"8732\" data-end=\"8942\">Els enlla\u00e7os que es realitzin a p\u00e0gines web de tercers tenen \u00fanicament una finalitat orientativa, sent el seu objecte el posar a disposici\u00f3 de l&#8217;usuari altres fonts d&#8217;informaci\u00f3 que podrien ser del seu inter\u00e8s.<\/p>\r\n<p class=\"\" data-start=\"8944\" data-end=\"9432\">\u00abL&#8217;empresa\u00bb procura revisar peri\u00f2dicament el contingut dels seus enlla\u00e7os. No obstant aix\u00f2, \u00e9s impossible con\u00e8ixer en tot moment el contingut concret dels enlla\u00e7os proposats. Derivat d&#8217;aix\u00f2, sol\u00b7licitem la col\u00b7laboraci\u00f3 de qualsevol usuari que accedeixi als referits continguts en el sup\u00f2sit que els seus continguts poguessin ser contraris a la legalitat vigent, moral o ordre p\u00fablic, posant-ho en coneixement a trav\u00e9s dels seg\u00fcents correus electr\u00f2nics <strong data-start=\"9397\" data-end=\"9431\"><a rel=\"noopener\" data-start=\"9399\" data-end=\"9429\">raubanellfrancitorra@gmail.com<\/a><\/strong>.<\/p>\r\n","protected":false},"excerpt":{"rendered":"<p>Av\u00eds legal DADES IDENTIFICATIVES En compliment del deure d&#8217;informaci\u00f3 recollit a l&#8217;article 10 de la Llei 34\/2002, de 11 de juliol, de Serveis de la Societat de la Informaci\u00f3 i del Comer\u00e7 Electr\u00f2nic, a continuaci\u00f3 es reflecteixen les seg\u00fcents dades: L&#8217;empresa titular d&#8217;aquest lloc web \u00e9s \u00abGR\u00daES I TRANSPORTS VALLS RUTLLANT\u201d, amb domicili a Acc\u00e9s [&hellip;]<\/p>\n","protected":false},"author":1,"featured_media":0,"parent":0,"menu_order":0,"comment_status":"closed","ping_status":"closed","template":"","meta":{"footnotes":""},"class_list":["post-1856","page","type-page","status-publish","hentry"],"yoast_head":"<!-- This site is optimized with the Yoast SEO plugin v27.4 - https:\/\/yoast.com\/product\/yoast-seo-wordpress\/ -->\n<title>Av\u00eds legal - Grues Valls Rutllant<\/title>\n<meta name=\"robots\" content=\"index, follow, max-snippet:-1, max-image-preview:large, max-video-preview:-1\" \/>\n<link rel=\"canonical\" href=\"https:\/\/gruesvallsrutllant.com\/ca\/avis-legal\/\" \/>\n<meta property=\"og:locale\" content=\"ca_ES\" \/>\n<meta property=\"og:type\" content=\"article\" \/>\n<meta property=\"og:title\" content=\"Av\u00eds legal - Grues Valls Rutllant\" \/>\n<meta property=\"og:description\" content=\"Av\u00eds legal DADES IDENTIFICATIVES En compliment del deure d&#8217;informaci\u00f3 recollit a l&#8217;article 10 de la Llei 34\/2002, de 11 de juliol, de Serveis de la Societat de la Informaci\u00f3 i del Comer\u00e7 Electr\u00f2nic, a continuaci\u00f3 es reflecteixen les seg\u00fcents dades: L&#8217;empresa titular d&#8217;aquest lloc web \u00e9s \u00abGR\u00daES I TRANSPORTS VALLS RUTLLANT\u201d, amb domicili a Acc\u00e9s [&hellip;]\" \/>\n<meta property=\"og:url\" content=\"https:\/\/gruesvallsrutllant.com\/ca\/avis-legal\/\" \/>\n<meta property=\"og:site_name\" content=\"Grues Valls Rutllant\" \/>\n<meta property=\"article:modified_time\" content=\"2025-03-24T14:25:03+00:00\" \/>\n<meta name=\"twitter:card\" content=\"summary_large_image\" \/>\n<meta name=\"twitter:label1\" content=\"Temps estimat de lectura\" \/>\n\t<meta name=\"twitter:data1\" content=\"7 minuts\" \/>\n<script type=\"application\/ld+json\" class=\"yoast-schema-graph\">{\"@context\":\"https:\\\/\\\/schema.org\",\"@graph\":[{\"@type\":\"WebPage\",\"@id\":\"https:\\\/\\\/gruesvallsrutllant.com\\\/ca\\\/avis-legal\\\/\",\"url\":\"https:\\\/\\\/gruesvallsrutllant.com\\\/ca\\\/avis-legal\\\/\",\"name\":\"Av\u00eds legal - Grues Valls Rutllant\",\"isPartOf\":{\"@id\":\"https:\\\/\\\/gruesvallsrutllant.com\\\/#website\"},\"datePublished\":\"2025-01-20T08:22:22+00:00\",\"dateModified\":\"2025-03-24T14:25:03+00:00\",\"breadcrumb\":{\"@id\":\"https:\\\/\\\/gruesvallsrutllant.com\\\/ca\\\/avis-legal\\\/#breadcrumb\"},\"inLanguage\":\"ca\",\"potentialAction\":[{\"@type\":\"ReadAction\",\"target\":[\"https:\\\/\\\/gruesvallsrutllant.com\\\/ca\\\/avis-legal\\\/\"]}]},{\"@type\":\"BreadcrumbList\",\"@id\":\"https:\\\/\\\/gruesvallsrutllant.com\\\/ca\\\/avis-legal\\\/#breadcrumb\",\"itemListElement\":[{\"@type\":\"ListItem\",\"position\":1,\"name\":\"Inici\",\"item\":\"https:\\\/\\\/gruesvallsrutllant.com\\\/ca\\\/inici\\\/\"},{\"@type\":\"ListItem\",\"position\":2,\"name\":\"Av\u00eds legal\"}]},{\"@type\":\"WebSite\",\"@id\":\"https:\\\/\\\/gruesvallsrutllant.com\\\/#website\",\"url\":\"https:\\\/\\\/gruesvallsrutllant.com\\\/\",\"name\":\"Grues Valls Rutllant\",\"description\":\"\",\"potentialAction\":[{\"@type\":\"SearchAction\",\"target\":{\"@type\":\"EntryPoint\",\"urlTemplate\":\"https:\\\/\\\/gruesvallsrutllant.com\\\/?s={search_term_string}\"},\"query-input\":{\"@type\":\"PropertyValueSpecification\",\"valueRequired\":true,\"valueName\":\"search_term_string\"}}],\"inLanguage\":\"ca\"}]}<\/script>\n<!-- \/ Yoast SEO plugin. -->","yoast_head_json":{"title":"Av\u00eds legal - Grues Valls Rutllant","robots":{"index":"index","follow":"follow","max-snippet":"max-snippet:-1","max-image-preview":"max-image-preview:large","max-video-preview":"max-video-preview:-1"},"canonical":"https:\/\/gruesvallsrutllant.com\/ca\/avis-legal\/","og_locale":"ca_ES","og_type":"article","og_title":"Av\u00eds legal - Grues Valls Rutllant","og_description":"Av\u00eds legal DADES IDENTIFICATIVES En compliment del deure d&#8217;informaci\u00f3 recollit a l&#8217;article 10 de la Llei 34\/2002, de 11 de juliol, de Serveis de la Societat de la Informaci\u00f3 i del Comer\u00e7 Electr\u00f2nic, a continuaci\u00f3 es reflecteixen les seg\u00fcents dades: L&#8217;empresa titular d&#8217;aquest lloc web \u00e9s \u00abGR\u00daES I TRANSPORTS VALLS RUTLLANT\u201d, amb domicili a Acc\u00e9s [&hellip;]","og_url":"https:\/\/gruesvallsrutllant.com\/ca\/avis-legal\/","og_site_name":"Grues Valls Rutllant","article_modified_time":"2025-03-24T14:25:03+00:00","twitter_card":"summary_large_image","twitter_misc":{"Temps estimat de lectura":"7 minuts"},"schema":{"@context":"https:\/\/schema.org","@graph":[{"@type":"WebPage","@id":"https:\/\/gruesvallsrutllant.com\/ca\/avis-legal\/","url":"https:\/\/gruesvallsrutllant.com\/ca\/avis-legal\/","name":"Av\u00eds legal - Grues Valls Rutllant","isPartOf":{"@id":"https:\/\/gruesvallsrutllant.com\/#website"},"datePublished":"2025-01-20T08:22:22+00:00","dateModified":"2025-03-24T14:25:03+00:00","breadcrumb":{"@id":"https:\/\/gruesvallsrutllant.com\/ca\/avis-legal\/#breadcrumb"},"inLanguage":"ca","potentialAction":[{"@type":"ReadAction","target":["https:\/\/gruesvallsrutllant.com\/ca\/avis-legal\/"]}]},{"@type":"BreadcrumbList","@id":"https:\/\/gruesvallsrutllant.com\/ca\/avis-legal\/#breadcrumb","itemListElement":[{"@type":"ListItem","position":1,"name":"Inici","item":"https:\/\/gruesvallsrutllant.com\/ca\/inici\/"},{"@type":"ListItem","position":2,"name":"Av\u00eds legal"}]},{"@type":"WebSite","@id":"https:\/\/gruesvallsrutllant.com\/#website","url":"https:\/\/gruesvallsrutllant.com\/","name":"Grues Valls Rutllant","description":"","potentialAction":[{"@type":"SearchAction","target":{"@type":"EntryPoint","urlTemplate":"https:\/\/gruesvallsrutllant.com\/?s={search_term_string}"},"query-input":{"@type":"PropertyValueSpecification","valueRequired":true,"valueName":"search_term_string"}}],"inLanguage":"ca"}]}},"_links":{"self":[{"href":"https:\/\/gruesvallsrutllant.com\/ca\/wp-json\/wp\/v2\/pages\/1856","targetHints":{"allow":["GET"]}}],"collection":[{"href":"https:\/\/gruesvallsrutllant.com\/ca\/wp-json\/wp\/v2\/pages"}],"about":[{"href":"https:\/\/gruesvallsrutllant.com\/ca\/wp-json\/wp\/v2\/types\/page"}],"author":[{"embeddable":true,"href":"https:\/\/gruesvallsrutllant.com\/ca\/wp-json\/wp\/v2\/users\/1"}],"replies":[{"embeddable":true,"href":"https:\/\/gruesvallsrutllant.com\/ca\/wp-json\/wp\/v2\/comments?post=1856"}],"version-history":[{"count":0,"href":"https:\/\/gruesvallsrutllant.com\/ca\/wp-json\/wp\/v2\/pages\/1856\/revisions"}],"wp:attachment":[{"href":"https:\/\/gruesvallsrutllant.com\/ca\/wp-json\/wp\/v2\/media?parent=1856"}],"curies":[{"name":"wp","href":"https:\/\/api.w.org\/{rel}","templated":true}]}}