{"id":1857,"date":"2025-01-20T08:30:21","date_gmt":"2025-01-20T08:30:21","guid":{"rendered":"https:\/\/gruesvallsrutllant.com\/politica-de-cookies\/"},"modified":"2025-03-24T14:27:29","modified_gmt":"2025-03-24T14:27:29","slug":"politica-de-cookies","status":"publish","type":"page","link":"https:\/\/gruesvallsrutllant.com\/ca\/politica-de-cookies\/","title":{"rendered":"Pol\u00edtica de cookies"},"content":{"rendered":"\r\n<h2 class=\"wp-block-heading has-text-align-center\">Pol\u00edtica de cookies<\/h2>\r\n\r\n\r\n\r\n<p class=\"\" data-start=\"120\" data-end=\"144\"><strong data-start=\"120\" data-end=\"144\">Qu\u00e8 s\u00f3n les Cookies?<\/strong><\/p>\r\n<p class=\"\" data-start=\"146\" data-end=\"531\">Una cookie \u00e9s un fitxer que es descarrega al seu ordinador quan accedeix a determinades p\u00e0gines web. Les Cookies permeten que una p\u00e0gina web, entre altres coses, emmagatzemi i recuperi informaci\u00f3 sobre els h\u00e0bits de navegaci\u00f3 d\u2019un usuari o del seu equip i, depenent de la informaci\u00f3 que continguin i de la forma en qu\u00e8 utilitzi el seu equip, poden utilitzar-se per recon\u00e8ixer l&#8217;usuari.<\/p>\r\n<p class=\"\" data-start=\"533\" data-end=\"886\">El navegador de l&#8217;usuari memoritza les Cookies al disc dur nom\u00e9s durant la sessi\u00f3 actual, ocupant un espai de mem\u00f2ria m\u00ednim i no perjudicant l&#8217;ordinador. Les Cookies no contenen cap classe d&#8217;informaci\u00f3 personal espec\u00edfica, i la majoria de les mateixes es borren del disc dur en finalitzar la sessi\u00f3 del navegador, sent les denominades Cookies de sessi\u00f3.<\/p>\r\n<p class=\"\" data-start=\"888\" data-end=\"1337\">La majoria dels navegadors accepten com a est\u00e0ndard les Cookies i, amb independ\u00e8ncia de les mateixes, permeten o impedeixen en els ajustos de seguretat les Cookies temporals o memoritzades. Sense el seu consentiment expr\u00e9s mitjan\u00e7ant l&#8217;activaci\u00f3 de les Cookies al seu navegador, <strong data-start=\"1167\" data-end=\"1202\">estadriferreteriaindustrial.com<\/strong> no enlla\u00e7ar\u00e0 en les Cookies les dades memoritzades amb les seves dades personals proporcionades en el moment del registre o la compra.<\/p>\r\n<p class=\"\" data-start=\"1339\" data-end=\"1394\"><strong data-start=\"1339\" data-end=\"1394\">Quins tipus de Cookies utilitza aquesta p\u00e0gina web?<\/strong><\/p>\r\n<p class=\"\" data-start=\"1396\" data-end=\"2038\"><strong data-start=\"1396\" data-end=\"1418\">Cookies t\u00e8cniques:<\/strong> S\u00f3n aquelles que permeten a l&#8217;usuari la navegaci\u00f3 a trav\u00e9s d&#8217;una p\u00e0gina web, plataforma o aplicaci\u00f3 i la utilitzaci\u00f3 de les diferents opcions o serveis que hi existixen com, per exemple, controlar el tr\u00e0nsit i la comunicaci\u00f3 de dades, identificar la sessi\u00f3, accedir a parts d&#8217;acc\u00e9s restringit, recordar els elements que integren una comanda, realitzar el proc\u00e9s de compra d&#8217;una comanda, realitzar la sol\u00b7licitud d&#8217;inscripci\u00f3 o participaci\u00f3 en un esdeveniment, utilitzar elements de seguretat durant la navegaci\u00f3, emmagatzemar continguts per a la difusi\u00f3 de v\u00eddeos o so o compartir continguts a trav\u00e9s de xarxes socials.<\/p>\r\n<p class=\"\" data-start=\"2040\" data-end=\"2398\"><strong data-start=\"2040\" data-end=\"2071\">Cookies de personalitzaci\u00f3:<\/strong> S\u00f3n aquelles que permeten a l&#8217;usuari accedir al servei amb algunes caracter\u00edstiques de car\u00e0cter general predefinides en funci\u00f3 d&#8217;una s\u00e8rie de criteris al terminal de l&#8217;usuari com per exemple serien l&#8217;idioma, el tipus de navegador a trav\u00e9s del qual accedeix al servei, la configuraci\u00f3 regional des d&#8217;on accedeix al servei, etc.<\/p>\r\n<p class=\"\" data-start=\"2400\" data-end=\"2769\"><strong data-start=\"2400\" data-end=\"2422\">Cookies d&#8217;an\u00e0lisi:<\/strong> S\u00f3n aquelles que b\u00e9 tractades per nosaltres o per tercers, ens permeten quantificar el nombre d&#8217;usuaris i aix\u00ed realitzar la mesura i l&#8217;an\u00e0lisi estad\u00edstic de la utilitzaci\u00f3 que fan els usuaris del servei ofertat. Per aix\u00f2 s&#8217;analitza la seva navegaci\u00f3 a la nostra p\u00e0gina web amb l&#8217;objectiu de millorar l&#8217;oferta de productes o serveis que li oferim.<\/p>\r\n<p class=\"\" data-start=\"2771\" data-end=\"3226\"><strong data-start=\"2771\" data-end=\"2797\">Cookies publicit\u00e0ries:<\/strong> S\u00f3n aquelles que, b\u00e9 tractades per nosaltres o per tercers, ens permeten gestionar de la forma m\u00e9s efica\u00e7 possible l&#8217;oferta d&#8217;espais publicitaris que hi ha a la p\u00e0gina web, adequant el contingut de l&#8217;anunci al contingut del servei sol\u00b7licitat o a l&#8217;\u00fas que realitzi de la nostra p\u00e0gina web. Per aix\u00f2 podem analitzar els seus h\u00e0bits de navegaci\u00f3 a Internet i podem mostrar-li publicitat relacionada amb el seu perfil de navegaci\u00f3.<\/p>\r\n<p class=\"\" data-start=\"3228\" data-end=\"3732\"><strong data-start=\"3228\" data-end=\"3269\">Cookies de publicitat comportamental:<\/strong> S\u00f3n aquelles que permeten la gesti\u00f3, de la forma m\u00e9s efica\u00e7 possible, dels espais publicitaris que, en el seu cas, l&#8217;editor hagi incl\u00f2s en una p\u00e0gina web, aplicaci\u00f3 o plataforma des de la qual presta el servei sol\u00b7licitat. Aquestes Cookies emmagatzemen informaci\u00f3 del comportament dels usuaris obtinguda a trav\u00e9s de l&#8217;observaci\u00f3 continuada dels seus h\u00e0bits de navegaci\u00f3, el que permet desenvolupar un perfil espec\u00edfic per mostrar publicitat en funci\u00f3 del mateix.<\/p>\r\n<p class=\"\" data-start=\"3734\" data-end=\"4083\"><strong data-start=\"3734\" data-end=\"3757\">Cookies de tercers:<\/strong> La Web d&#8217;<strong data-start=\"3767\" data-end=\"3802\">estadriferreteriaindustrial.com<\/strong> pot utilitzar serveis de tercers que, per compte d&#8217;<strong data-start=\"3854\" data-end=\"3889\">estadriferreteriaindustrial.com<\/strong>, recopilaran informaci\u00f3 amb fins estad\u00edstics, d&#8217;\u00fas de la Web per part de l&#8217;usuari i per a la prestaci\u00f3 d&#8217;altres serveis relacionats amb l&#8217;activitat de la P\u00e0gina Web i altres serveis d&#8217;Internet.<\/p>\r\n<p class=\"\" data-start=\"4085\" data-end=\"4129\"><strong data-start=\"4085\" data-end=\"4129\">Desactivaci\u00f3 o eliminaci\u00f3 de les Cookies<\/strong><\/p>\r\n<p class=\"\" data-start=\"4131\" data-end=\"4294\">Pot vost\u00e8 permetre, bloquejar o eliminar les Cookies instal\u00b7lades al seu equip mitjan\u00e7ant la configuraci\u00f3 de les opcions del navegador instal\u00b7lat al seu ordinador\u2026<\/p>\r\n<ul>\r\n<li data-start=\"4296\" data-end=\"4348\"><strong data-start=\"4296\" data-end=\"4306\">Chrome<\/strong><\/li>\r\n<li data-start=\"4296\" data-end=\"4348\"><strong data-start=\"4309\" data-end=\"4321\">Explorer<\/strong><\/li>\r\n<li data-start=\"4296\" data-end=\"4348\"><strong data-start=\"4324\" data-end=\"4335\">Firefox<\/strong><\/li>\r\n<li data-start=\"4296\" data-end=\"4348\"><strong data-start=\"4338\" data-end=\"4348\">Safari<\/strong><\/li>\r\n<\/ul>\r\n<p class=\"\" data-start=\"4350\" data-end=\"4485\">Si t\u00e9 dubtes sobre aquesta pol\u00edtica de Cookies, pot contactar amb nosaltres a trav\u00e9s de les dades que figuren en l&#8217;apartat de contacte.<\/p>\r\n","protected":false},"excerpt":{"rendered":"<p>Pol\u00edtica de cookies Qu\u00e8 s\u00f3n les Cookies? Una cookie \u00e9s un fitxer que es descarrega al seu ordinador quan accedeix a determinades p\u00e0gines web. Les Cookies permeten que una p\u00e0gina web, entre altres coses, emmagatzemi i recuperi informaci\u00f3 sobre els h\u00e0bits de navegaci\u00f3 d\u2019un usuari o del seu equip i, depenent de la informaci\u00f3 que [&hellip;]<\/p>\n","protected":false},"author":1,"featured_media":0,"parent":0,"menu_order":0,"comment_status":"closed","ping_status":"closed","template":"","meta":{"footnotes":""},"class_list":["post-1857","page","type-page","status-publish","hentry"],"yoast_head":"<!-- This site is optimized with the Yoast SEO plugin v27.4 - https:\/\/yoast.com\/product\/yoast-seo-wordpress\/ -->\n<title>Pol\u00edtica de cookies - Grues Valls Rutllant<\/title>\n<meta name=\"robots\" content=\"index, follow, max-snippet:-1, max-image-preview:large, max-video-preview:-1\" \/>\n<link rel=\"canonical\" href=\"https:\/\/gruesvallsrutllant.com\/ca\/politica-de-cookies\/\" \/>\n<meta property=\"og:locale\" content=\"ca_ES\" \/>\n<meta property=\"og:type\" content=\"article\" \/>\n<meta property=\"og:title\" content=\"Pol\u00edtica de cookies - Grues Valls Rutllant\" \/>\n<meta property=\"og:description\" content=\"Pol\u00edtica de cookies Qu\u00e8 s\u00f3n les Cookies? Una cookie \u00e9s un fitxer que es descarrega al seu ordinador quan accedeix a determinades p\u00e0gines web. Les Cookies permeten que una p\u00e0gina web, entre altres coses, emmagatzemi i recuperi informaci\u00f3 sobre els h\u00e0bits de navegaci\u00f3 d\u2019un usuari o del seu equip i, depenent de la informaci\u00f3 que [&hellip;]\" \/>\n<meta property=\"og:url\" content=\"https:\/\/gruesvallsrutllant.com\/ca\/politica-de-cookies\/\" \/>\n<meta property=\"og:site_name\" content=\"Grues Valls Rutllant\" \/>\n<meta property=\"article:modified_time\" content=\"2025-03-24T14:27:29+00:00\" \/>\n<meta name=\"twitter:card\" content=\"summary_large_image\" \/>\n<meta name=\"twitter:label1\" content=\"Temps estimat de lectura\" \/>\n\t<meta name=\"twitter:data1\" content=\"4 minuts\" \/>\n<script type=\"application\/ld+json\" class=\"yoast-schema-graph\">{\"@context\":\"https:\\\/\\\/schema.org\",\"@graph\":[{\"@type\":\"WebPage\",\"@id\":\"https:\\\/\\\/gruesvallsrutllant.com\\\/ca\\\/politica-de-cookies\\\/\",\"url\":\"https:\\\/\\\/gruesvallsrutllant.com\\\/ca\\\/politica-de-cookies\\\/\",\"name\":\"Pol\u00edtica de cookies - Grues Valls Rutllant\",\"isPartOf\":{\"@id\":\"https:\\\/\\\/gruesvallsrutllant.com\\\/#website\"},\"datePublished\":\"2025-01-20T08:30:21+00:00\",\"dateModified\":\"2025-03-24T14:27:29+00:00\",\"breadcrumb\":{\"@id\":\"https:\\\/\\\/gruesvallsrutllant.com\\\/ca\\\/politica-de-cookies\\\/#breadcrumb\"},\"inLanguage\":\"ca\",\"potentialAction\":[{\"@type\":\"ReadAction\",\"target\":[\"https:\\\/\\\/gruesvallsrutllant.com\\\/ca\\\/politica-de-cookies\\\/\"]}]},{\"@type\":\"BreadcrumbList\",\"@id\":\"https:\\\/\\\/gruesvallsrutllant.com\\\/ca\\\/politica-de-cookies\\\/#breadcrumb\",\"itemListElement\":[{\"@type\":\"ListItem\",\"position\":1,\"name\":\"Inici\",\"item\":\"https:\\\/\\\/gruesvallsrutllant.com\\\/ca\\\/inici\\\/\"},{\"@type\":\"ListItem\",\"position\":2,\"name\":\"Pol\u00edtica de cookies\"}]},{\"@type\":\"WebSite\",\"@id\":\"https:\\\/\\\/gruesvallsrutllant.com\\\/#website\",\"url\":\"https:\\\/\\\/gruesvallsrutllant.com\\\/\",\"name\":\"Grues Valls Rutllant\",\"description\":\"\",\"potentialAction\":[{\"@type\":\"SearchAction\",\"target\":{\"@type\":\"EntryPoint\",\"urlTemplate\":\"https:\\\/\\\/gruesvallsrutllant.com\\\/?s={search_term_string}\"},\"query-input\":{\"@type\":\"PropertyValueSpecification\",\"valueRequired\":true,\"valueName\":\"search_term_string\"}}],\"inLanguage\":\"ca\"}]}<\/script>\n<!-- \/ Yoast SEO plugin. -->","yoast_head_json":{"title":"Pol\u00edtica de cookies - Grues Valls Rutllant","robots":{"index":"index","follow":"follow","max-snippet":"max-snippet:-1","max-image-preview":"max-image-preview:large","max-video-preview":"max-video-preview:-1"},"canonical":"https:\/\/gruesvallsrutllant.com\/ca\/politica-de-cookies\/","og_locale":"ca_ES","og_type":"article","og_title":"Pol\u00edtica de cookies - Grues Valls Rutllant","og_description":"Pol\u00edtica de cookies Qu\u00e8 s\u00f3n les Cookies? Una cookie \u00e9s un fitxer que es descarrega al seu ordinador quan accedeix a determinades p\u00e0gines web. Les Cookies permeten que una p\u00e0gina web, entre altres coses, emmagatzemi i recuperi informaci\u00f3 sobre els h\u00e0bits de navegaci\u00f3 d\u2019un usuari o del seu equip i, depenent de la informaci\u00f3 que [&hellip;]","og_url":"https:\/\/gruesvallsrutllant.com\/ca\/politica-de-cookies\/","og_site_name":"Grues Valls Rutllant","article_modified_time":"2025-03-24T14:27:29+00:00","twitter_card":"summary_large_image","twitter_misc":{"Temps estimat de lectura":"4 minuts"},"schema":{"@context":"https:\/\/schema.org","@graph":[{"@type":"WebPage","@id":"https:\/\/gruesvallsrutllant.com\/ca\/politica-de-cookies\/","url":"https:\/\/gruesvallsrutllant.com\/ca\/politica-de-cookies\/","name":"Pol\u00edtica de cookies - Grues Valls Rutllant","isPartOf":{"@id":"https:\/\/gruesvallsrutllant.com\/#website"},"datePublished":"2025-01-20T08:30:21+00:00","dateModified":"2025-03-24T14:27:29+00:00","breadcrumb":{"@id":"https:\/\/gruesvallsrutllant.com\/ca\/politica-de-cookies\/#breadcrumb"},"inLanguage":"ca","potentialAction":[{"@type":"ReadAction","target":["https:\/\/gruesvallsrutllant.com\/ca\/politica-de-cookies\/"]}]},{"@type":"BreadcrumbList","@id":"https:\/\/gruesvallsrutllant.com\/ca\/politica-de-cookies\/#breadcrumb","itemListElement":[{"@type":"ListItem","position":1,"name":"Inici","item":"https:\/\/gruesvallsrutllant.com\/ca\/inici\/"},{"@type":"ListItem","position":2,"name":"Pol\u00edtica de cookies"}]},{"@type":"WebSite","@id":"https:\/\/gruesvallsrutllant.com\/#website","url":"https:\/\/gruesvallsrutllant.com\/","name":"Grues Valls Rutllant","description":"","potentialAction":[{"@type":"SearchAction","target":{"@type":"EntryPoint","urlTemplate":"https:\/\/gruesvallsrutllant.com\/?s={search_term_string}"},"query-input":{"@type":"PropertyValueSpecification","valueRequired":true,"valueName":"search_term_string"}}],"inLanguage":"ca"}]}},"_links":{"self":[{"href":"https:\/\/gruesvallsrutllant.com\/ca\/wp-json\/wp\/v2\/pages\/1857","targetHints":{"allow":["GET"]}}],"collection":[{"href":"https:\/\/gruesvallsrutllant.com\/ca\/wp-json\/wp\/v2\/pages"}],"about":[{"href":"https:\/\/gruesvallsrutllant.com\/ca\/wp-json\/wp\/v2\/types\/page"}],"author":[{"embeddable":true,"href":"https:\/\/gruesvallsrutllant.com\/ca\/wp-json\/wp\/v2\/users\/1"}],"replies":[{"embeddable":true,"href":"https:\/\/gruesvallsrutllant.com\/ca\/wp-json\/wp\/v2\/comments?post=1857"}],"version-history":[{"count":0,"href":"https:\/\/gruesvallsrutllant.com\/ca\/wp-json\/wp\/v2\/pages\/1857\/revisions"}],"wp:attachment":[{"href":"https:\/\/gruesvallsrutllant.com\/ca\/wp-json\/wp\/v2\/media?parent=1857"}],"curies":[{"name":"wp","href":"https:\/\/api.w.org\/{rel}","templated":true}]}}