{"id":1858,"date":"2025-01-13T12:05:53","date_gmt":"2025-01-13T12:05:53","guid":{"rendered":"https:\/\/gruesvallsrutllant.com\/politica-de-privacidad\/"},"modified":"2025-03-24T14:26:23","modified_gmt":"2025-03-24T14:26:23","slug":"politica-de-privacitat","status":"publish","type":"page","link":"https:\/\/gruesvallsrutllant.com\/ca\/politica-de-privacitat\/","title":{"rendered":"Pol\u00edtica de Privacitat"},"content":{"rendered":"\r\n<h2 class=\"wp-block-heading has-text-align-center\" style=\"text-align: center;\">Pol\u00edtica de Privacitat<\/h2>\r\n\r\n\r\n\r\n<div class=\"flex max-w-full flex-col flex-grow\">\r\n<div class=\"min-h-8 text-message relative flex w-full flex-col items-end gap-2 whitespace-normal break-words text-start [.text-message+&amp;]:mt-5\" dir=\"auto\" data-message-author-role=\"assistant\" data-message-id=\"dbdba835-e3c1-412e-849a-851851d14a41\" data-message-model-slug=\"gpt-4o-mini\">\r\n<div class=\"flex w-full flex-col gap-1 empty:hidden first:pt-[3px]\">\r\n<div class=\"markdown prose w-full break-words dark:prose-invert dark\">\r\n<p class=\"\" data-start=\"28\" data-end=\"348\">A <strong data-start=\"30\" data-end=\"67\">GR\u00daES I TRANSPORTS VALLS RUTLLANT<\/strong>, en endavant, <strong data-start=\"82\" data-end=\"97\">\u00abL&#8217;empresa\u00bb<\/strong>, treballem per garantir la privadesa en el tractament de les seves dades personals. Hem actualitzat la nostra Pol\u00edtica de Privacitat per informar clarament de com recopilem, utilitzem i custodiem les dades de les persones que contacten amb nosaltres:<\/p>\r\n<p class=\"\" data-start=\"350\" data-end=\"380\"><strong data-start=\"350\" data-end=\"380\">Responsable del Tractament<\/strong><\/p>\r\n<p class=\"\" data-start=\"382\" data-end=\"606\">L&#8217;interessat que faciliti a <strong data-start=\"410\" data-end=\"425\">\u00abL&#8217;empresa\u00bb<\/strong> les seves dades de car\u00e0cter personal a trav\u00e9s de la nostra web o per altres vies (per exemple, xarxes socials) queda informat que el tractament de les seves dades \u00e9s realitzat per:<\/p>\r\n<p class=\"\" data-start=\"608\" data-end=\"846\">\u2013 <strong data-start=\"610\" data-end=\"647\">GR\u00daES I TRANSPORTS VALLS RUTLLANT<\/strong>,<br data-start=\"648\" data-end=\"651\" \/>\u2013 CIF 38848199A<br data-start=\"666\" data-end=\"669\" \/>\u2013 Domicili social a <strong data-start=\"689\" data-end=\"766\">Acc\u00e9s a la Carretera Costa Brava, 8380 Malgrat de Mar, Barcelona, Espanya<\/strong>.<br data-start=\"767\" data-end=\"770\" \/>\u2013 Tel\u00e8fon: 669 868 010<br data-start=\"792\" data-end=\"795\" \/>\u2013 Correu electr\u00f2nic: <a rel=\"noopener\" data-start=\"816\" data-end=\"846\">raubanellfrancitorra@gmail.com<\/a><\/p>\r\n<p class=\"\" data-start=\"848\" data-end=\"881\"><strong data-start=\"848\" data-end=\"881\">Delegat de Protecci\u00f3 de Dades<\/strong><\/p>\r\n<p class=\"\" data-start=\"883\" data-end=\"1067\">Tamb\u00e9 li informem que comptem amb un <strong data-start=\"920\" data-end=\"959\">Delegat de Protecci\u00f3 de Dades (DPD)<\/strong> que vetlla pel compliment de la normativa de protecci\u00f3 de dades i els dades de contacte del nostre DPD s\u00f3n:<\/p>\r\n<p class=\"\" data-start=\"1069\" data-end=\"1118\">Correu electr\u00f2nic: <a rel=\"noopener\" data-start=\"1088\" data-end=\"1118\">raubanellfrancitorra@gmail.com<\/a><\/p>\r\n<p class=\"\" data-start=\"1120\" data-end=\"1158\"><strong data-start=\"1120\" data-end=\"1158\">Finalitats del tractament de dades<\/strong><\/p>\r\n<p class=\"\" data-start=\"1160\" data-end=\"1294\">A <strong data-start=\"1162\" data-end=\"1177\">\u00abL&#8217;empresa\u00bb<\/strong>, el tractament de dades es realitza amb les seg\u00fcents finalitats, en funci\u00f3 del motiu pel qual ens ho hagi facilitat:<\/p>\r\n<ul data-start=\"1296\" data-end=\"1910\">\r\n<li class=\"\" data-start=\"1296\" data-end=\"1430\">\r\n<p class=\"\" data-start=\"1298\" data-end=\"1430\">Contactar amb el remitent de la informaci\u00f3, donar resposta a la seva sol\u00b7licitud, petici\u00f3 o consulta i fer un seguiment posterior.<\/p>\r\n<\/li>\r\n<li class=\"\" data-start=\"1431\" data-end=\"1552\">\r\n<p class=\"\" data-start=\"1433\" data-end=\"1552\">Gestionar, en el seu cas, la contractaci\u00f3 dels serveis sol\u00b7licitats per l&#8217;<strong data-start=\"1507\" data-end=\"1517\">USUARI<\/strong>, la seva facturaci\u00f3 i cobrament.<\/p>\r\n<\/li>\r\n<li class=\"\" data-start=\"1553\" data-end=\"1677\">\r\n<p class=\"\" data-start=\"1555\" data-end=\"1677\">Gestionar, en el seu cas, la contractaci\u00f3 de productes, de forma presencial al nostre Centre o en la modalitat en l\u00ednia.<\/p>\r\n<\/li>\r\n<li class=\"\" data-start=\"1678\" data-end=\"1781\">\r\n<p class=\"\" data-start=\"1680\" data-end=\"1781\">Gestionar, en el seu cas, el <strong data-start=\"1709\" data-end=\"1752\">Registre d&#8217;altes a la web com a Usuaris<\/strong> i l&#8217;adjudicaci\u00f3 de Logins.<\/p>\r\n<\/li>\r\n<li class=\"\" data-start=\"1782\" data-end=\"1910\">\r\n<p class=\"\" data-start=\"1784\" data-end=\"1910\">Gesti\u00f3 de la Base de Dades de <strong data-start=\"1814\" data-end=\"1828\">Newsletter<\/strong> per a l&#8217;enviament de comunicacions comercials i informaci\u00f3 corporativa d&#8217;inter\u00e8s.<\/p>\r\n<\/li>\r\n<\/ul>\r\n<p class=\"\" data-start=\"1912\" data-end=\"1947\"><strong data-start=\"1912\" data-end=\"1947\">Duraci\u00f3 del tractament de dades<\/strong><\/p>\r\n<p class=\"\" data-start=\"1949\" data-end=\"2920\">Les dades per a la gesti\u00f3 de la relaci\u00f3 amb el client i la facturaci\u00f3 i cobrament dels serveis o productes seran conservades durant tot el temps en qu\u00e8 el servei estigui vigent. Un cop finalitzada aquesta relaci\u00f3, en el seu cas, les dades podran ser conservades durant el temps exigit per la legislaci\u00f3 aplicable i fins que prescriguin les eventuals responsabilitats derivades del servei.<br data-start=\"2337\" data-end=\"2340\" \/>Les dades per a la gesti\u00f3 de consultes i sol\u00b7licituds es conservaran durant el temps necessari per donar resposta als mateixos, amb un termini m\u00e0xim d&#8217;un any o b\u00e9 mentre persisteixi la relaci\u00f3 o inter\u00e8s mutu, a m\u00e9s de fins estad\u00edstics i hist\u00f2rics.<br data-start=\"2587\" data-end=\"2590\" \/>En defecte de terminis concrets, mentre persisteixi la relaci\u00f3 entre el Centre i el client.<br data-start=\"2681\" data-end=\"2684\" \/>Les dades per a l&#8217;enviament de comunicacions comercials i l&#8217;elaboraci\u00f3 de perfils comercials dels nostres productes o serveis seran conservades indefinidament fins que, en el seu cas, ens manifesti la seva voluntat de donar-se de baixa.<\/p>\r\n<p class=\"\" data-start=\"2922\" data-end=\"2964\"><strong data-start=\"2922\" data-end=\"2964\">Legitimaci\u00f3 per al tractament de dades<\/strong><\/p>\r\n<p class=\"\" data-start=\"2966\" data-end=\"3342\">La base legal per al tractament de les seves dades per a les finalitats anteriors \u00e9s l&#8217;execuci\u00f3 de la prestaci\u00f3 del servei o venda del producte corresponent o contracte de serveis.<br data-start=\"3146\" data-end=\"3149\" \/>Les dades es conservaran mentre existeixi un inter\u00e8s mutu de les parts, ja sigui per la vig\u00e8ncia del servei o contracte o compra-venda o consentiment.<br data-start=\"3299\" data-end=\"3302\" \/>La prestaci\u00f3 del consentiment inequ\u00edvoc.<\/p>\r\n<p class=\"\" data-start=\"3344\" data-end=\"3507\">No obstant aix\u00f2, li recordem que t\u00e9 dret a oposar-se a aquest tractament de les seves dades, podent-ho fer per qualsevol dels mitjans descrits en aquesta Pol\u00edtica.<\/p>\r\n<p class=\"\" data-start=\"3509\" data-end=\"3543\"><strong data-start=\"3509\" data-end=\"3543\">Comunicaci\u00f3 de les seves dades<\/strong><\/p>\r\n<p class=\"\" data-start=\"3545\" data-end=\"3597\">Les dades seran comunicades a les seg\u00fcents entitats:<\/p>\r\n<ul data-start=\"3599\" data-end=\"4406\">\r\n<li class=\"\" data-start=\"3599\" data-end=\"3764\">\r\n<p class=\"\" data-start=\"3601\" data-end=\"3764\">Als nostres col\u00b7laboradors i prove\u00efdors necessaris per a l&#8217;execuci\u00f3 del servei sol\u00b7licitat. (Prove\u00efdor de Software, Web, transportista en els pedidos e-commerce)<\/p>\r\n<\/li>\r\n<li class=\"\" data-start=\"3765\" data-end=\"3950\">\r\n<p class=\"\" data-start=\"3767\" data-end=\"3950\">Als nostres col\u00b7laboradors habituals motivats per la sol\u00b7licitud de serveis que no prestem directament, per\u00f2 que recomanem per la seva experi\u00e8ncia i professionalitat, en el seu cas.<\/p>\r\n<\/li>\r\n<li class=\"\" data-start=\"3951\" data-end=\"4193\">\r\n<p class=\"\" data-start=\"3953\" data-end=\"4193\">En relaci\u00f3 a les subcontractacions, ja sigui per implementar les mesures de seguretat com per assegurar la disponibilitat i integritat de la informaci\u00f3 que custodia, t\u00e9 subcontractats software i gesti\u00f3 de la web amb empreses contrastades.<\/p>\r\n<\/li>\r\n<li class=\"\" data-start=\"4194\" data-end=\"4293\">\r\n<p class=\"\" data-start=\"4196\" data-end=\"4293\">A les entitats financeres a trav\u00e9s de les quals s&#8217;articuli la gesti\u00f3 de cobraments i pagaments.<\/p>\r\n<\/li>\r\n<li class=\"\" data-start=\"4294\" data-end=\"4406\">\r\n<p class=\"\" data-start=\"4296\" data-end=\"4406\">A les Administracions p\u00fabliques competents, en els casos previstos en la Llei i per als fins en ella definits.<\/p>\r\n<\/li>\r\n<\/ul>\r\n<p class=\"\" data-start=\"4408\" data-end=\"4426\"><strong data-start=\"4408\" data-end=\"4426\">Els seus drets<\/strong><\/p>\r\n<p class=\"\" data-start=\"4428\" data-end=\"4496\">Tota persona que ens faciliti les seves dades t\u00e9 els seg\u00fcents drets:<\/p>\r\n<p class=\"\" data-start=\"4498\" data-end=\"5552\">Els clients poden exercir el dret d&#8217;acc\u00e9s, rectificaci\u00f3, oposici\u00f3 o supressi\u00f3 a la direcci\u00f3 que consta a la informaci\u00f3 per capa (establiment o b\u00e9 per email o b\u00e9 a la direcci\u00f3 del comen\u00e7ament del escrit), com tamb\u00e9 a trav\u00e9s de la nostra web. Tamb\u00e9 informem als possibles afectats que tenen dret a sol\u00b7licitar el dret a la portabilitat de les seves dades, en el seu cas, a la limitaci\u00f3 del tractament que es realitzi quan la finalitat ja no existeixi o l&#8217;oposici\u00f3 espec\u00edfica a un tractament concret.<br data-start=\"4995\" data-end=\"4998\" \/>El sol\u00b7licitant ha d&#8217;acreditar degudament la seva identitat mitjan\u00e7ant c\u00f2pia del DNI vigent.<br data-start=\"5090\" data-end=\"5093\" \/>L&#8217;interessat o afectat pel tractament, t\u00e9 dret a retirar el seu consentiment en qualsevol moment.<br data-start=\"5190\" data-end=\"5193\" \/>Per finalitzar, el client o usuari afectat, t\u00e9 dret a dirigir-se a l&#8217;Ag\u00e8ncia de Protecci\u00f3 de Dades o altra autoritat de control competent, entitat que gestiona qualsevol aspecte relacionat amb l&#8217;aplicaci\u00f3 de la normativa de protecci\u00f3 de dades i on l&#8217;usuari pot denunciar o defensar els seus interessos en el cas que ho consideri oport\u00fa, la web \u00e9s <a href=\"http:\/\/www.aepd.es\" target=\"_new\" rel=\"noopener\" data-start=\"5540\" data-end=\"5551\">www.aepd.es<\/a>.<\/p>\r\n<p class=\"\" data-start=\"5554\" data-end=\"5587\"><strong data-start=\"5554\" data-end=\"5587\">Transfer\u00e8ncies Internacionals<\/strong><\/p>\r\n<p class=\"\" data-start=\"5589\" data-end=\"5717\">Les seves dades no es transmeten fora de la Uni\u00f3 Europea, en el seu cas, seria necessari sol\u00b7licitar el seu consentiment expr\u00e9s.<\/p>\r\n<p class=\"\" data-start=\"5719\" data-end=\"5739\"><strong data-start=\"5719\" data-end=\"5739\">Dades de tercers<\/strong><\/p>\r\n<p class=\"\" data-start=\"5741\" data-end=\"5951\">Si facilita dades de tercers, assumeix la responsabilitat d&#8217;informar-los pr\u00e8viament de tot el previst a l&#8217;article 14 del Reglament General de Protecci\u00f3 de Dades en les condicions establertes en aquest precepte.<\/p>\r\n<p class=\"\" data-start=\"5953\" data-end=\"5989\"><strong data-start=\"5953\" data-end=\"5989\">Actualitzaci\u00f3 de les seves dades<\/strong><\/p>\r\n<p class=\"\" data-start=\"5991\" data-end=\"6208\">En el cas que es produeixi alguna modificaci\u00f3 de les seves dades o si detecta que alguna dada \u00e9s err\u00f2nia, li preguem que ens ho comuniqui per a la seva subsanaci\u00f3, amb la finalitat de mantenir les dades actualitzades.<\/p>\r\n<\/div>\r\n<\/div>\r\n<\/div>\r\n<\/div>\r\n","protected":false},"excerpt":{"rendered":"<p>Pol\u00edtica de Privacitat A GR\u00daES I TRANSPORTS VALLS RUTLLANT, en endavant, \u00abL&#8217;empresa\u00bb, treballem per garantir la privadesa en el tractament de les seves dades personals. Hem actualitzat la nostra Pol\u00edtica de Privacitat per informar clarament de com recopilem, utilitzem i custodiem les dades de les persones que contacten amb nosaltres: Responsable del Tractament L&#8217;interessat que [&hellip;]<\/p>\n","protected":false},"author":1,"featured_media":0,"parent":0,"menu_order":0,"comment_status":"closed","ping_status":"closed","template":"","meta":{"footnotes":""},"class_list":["post-1858","page","type-page","status-publish","hentry"],"yoast_head":"<!-- This site is optimized with the Yoast SEO plugin v27.4 - https:\/\/yoast.com\/product\/yoast-seo-wordpress\/ -->\n<title>Pol\u00edtica de Privacitat - Grues Valls Rutllant<\/title>\n<meta name=\"robots\" content=\"index, follow, max-snippet:-1, max-image-preview:large, max-video-preview:-1\" \/>\n<link rel=\"canonical\" href=\"https:\/\/gruesvallsrutllant.com\/ca\/politica-de-privacitat\/\" \/>\n<meta property=\"og:locale\" content=\"ca_ES\" \/>\n<meta property=\"og:type\" content=\"article\" \/>\n<meta property=\"og:title\" content=\"Pol\u00edtica de Privacitat - Grues Valls Rutllant\" \/>\n<meta property=\"og:description\" content=\"Pol\u00edtica de Privacitat A GR\u00daES I TRANSPORTS VALLS RUTLLANT, en endavant, \u00abL&#8217;empresa\u00bb, treballem per garantir la privadesa en el tractament de les seves dades personals. Hem actualitzat la nostra Pol\u00edtica de Privacitat per informar clarament de com recopilem, utilitzem i custodiem les dades de les persones que contacten amb nosaltres: Responsable del Tractament L&#8217;interessat que [&hellip;]\" \/>\n<meta property=\"og:url\" content=\"https:\/\/gruesvallsrutllant.com\/ca\/politica-de-privacitat\/\" \/>\n<meta property=\"og:site_name\" content=\"Grues Valls Rutllant\" \/>\n<meta property=\"article:modified_time\" content=\"2025-03-24T14:26:23+00:00\" \/>\n<meta name=\"twitter:card\" content=\"summary_large_image\" \/>\n<meta name=\"twitter:label1\" content=\"Temps estimat de lectura\" \/>\n\t<meta name=\"twitter:data1\" content=\"5 minuts\" \/>\n<script type=\"application\/ld+json\" class=\"yoast-schema-graph\">{\"@context\":\"https:\\\/\\\/schema.org\",\"@graph\":[{\"@type\":\"WebPage\",\"@id\":\"https:\\\/\\\/gruesvallsrutllant.com\\\/ca\\\/politica-de-privacitat\\\/\",\"url\":\"https:\\\/\\\/gruesvallsrutllant.com\\\/ca\\\/politica-de-privacitat\\\/\",\"name\":\"Pol\u00edtica de Privacitat - Grues Valls Rutllant\",\"isPartOf\":{\"@id\":\"https:\\\/\\\/gruesvallsrutllant.com\\\/#website\"},\"datePublished\":\"2025-01-13T12:05:53+00:00\",\"dateModified\":\"2025-03-24T14:26:23+00:00\",\"breadcrumb\":{\"@id\":\"https:\\\/\\\/gruesvallsrutllant.com\\\/ca\\\/politica-de-privacitat\\\/#breadcrumb\"},\"inLanguage\":\"ca\",\"potentialAction\":[{\"@type\":\"ReadAction\",\"target\":[\"https:\\\/\\\/gruesvallsrutllant.com\\\/ca\\\/politica-de-privacitat\\\/\"]}]},{\"@type\":\"BreadcrumbList\",\"@id\":\"https:\\\/\\\/gruesvallsrutllant.com\\\/ca\\\/politica-de-privacitat\\\/#breadcrumb\",\"itemListElement\":[{\"@type\":\"ListItem\",\"position\":1,\"name\":\"Inici\",\"item\":\"https:\\\/\\\/gruesvallsrutllant.com\\\/ca\\\/inici\\\/\"},{\"@type\":\"ListItem\",\"position\":2,\"name\":\"Pol\u00edtica de Privacitat\"}]},{\"@type\":\"WebSite\",\"@id\":\"https:\\\/\\\/gruesvallsrutllant.com\\\/#website\",\"url\":\"https:\\\/\\\/gruesvallsrutllant.com\\\/\",\"name\":\"Grues Valls Rutllant\",\"description\":\"\",\"potentialAction\":[{\"@type\":\"SearchAction\",\"target\":{\"@type\":\"EntryPoint\",\"urlTemplate\":\"https:\\\/\\\/gruesvallsrutllant.com\\\/?s={search_term_string}\"},\"query-input\":{\"@type\":\"PropertyValueSpecification\",\"valueRequired\":true,\"valueName\":\"search_term_string\"}}],\"inLanguage\":\"ca\"}]}<\/script>\n<!-- \/ Yoast SEO plugin. -->","yoast_head_json":{"title":"Pol\u00edtica de Privacitat - Grues Valls Rutllant","robots":{"index":"index","follow":"follow","max-snippet":"max-snippet:-1","max-image-preview":"max-image-preview:large","max-video-preview":"max-video-preview:-1"},"canonical":"https:\/\/gruesvallsrutllant.com\/ca\/politica-de-privacitat\/","og_locale":"ca_ES","og_type":"article","og_title":"Pol\u00edtica de Privacitat - Grues Valls Rutllant","og_description":"Pol\u00edtica de Privacitat A GR\u00daES I TRANSPORTS VALLS RUTLLANT, en endavant, \u00abL&#8217;empresa\u00bb, treballem per garantir la privadesa en el tractament de les seves dades personals. Hem actualitzat la nostra Pol\u00edtica de Privacitat per informar clarament de com recopilem, utilitzem i custodiem les dades de les persones que contacten amb nosaltres: Responsable del Tractament L&#8217;interessat que [&hellip;]","og_url":"https:\/\/gruesvallsrutllant.com\/ca\/politica-de-privacitat\/","og_site_name":"Grues Valls Rutllant","article_modified_time":"2025-03-24T14:26:23+00:00","twitter_card":"summary_large_image","twitter_misc":{"Temps estimat de lectura":"5 minuts"},"schema":{"@context":"https:\/\/schema.org","@graph":[{"@type":"WebPage","@id":"https:\/\/gruesvallsrutllant.com\/ca\/politica-de-privacitat\/","url":"https:\/\/gruesvallsrutllant.com\/ca\/politica-de-privacitat\/","name":"Pol\u00edtica de Privacitat - Grues Valls Rutllant","isPartOf":{"@id":"https:\/\/gruesvallsrutllant.com\/#website"},"datePublished":"2025-01-13T12:05:53+00:00","dateModified":"2025-03-24T14:26:23+00:00","breadcrumb":{"@id":"https:\/\/gruesvallsrutllant.com\/ca\/politica-de-privacitat\/#breadcrumb"},"inLanguage":"ca","potentialAction":[{"@type":"ReadAction","target":["https:\/\/gruesvallsrutllant.com\/ca\/politica-de-privacitat\/"]}]},{"@type":"BreadcrumbList","@id":"https:\/\/gruesvallsrutllant.com\/ca\/politica-de-privacitat\/#breadcrumb","itemListElement":[{"@type":"ListItem","position":1,"name":"Inici","item":"https:\/\/gruesvallsrutllant.com\/ca\/inici\/"},{"@type":"ListItem","position":2,"name":"Pol\u00edtica de Privacitat"}]},{"@type":"WebSite","@id":"https:\/\/gruesvallsrutllant.com\/#website","url":"https:\/\/gruesvallsrutllant.com\/","name":"Grues Valls Rutllant","description":"","potentialAction":[{"@type":"SearchAction","target":{"@type":"EntryPoint","urlTemplate":"https:\/\/gruesvallsrutllant.com\/?s={search_term_string}"},"query-input":{"@type":"PropertyValueSpecification","valueRequired":true,"valueName":"search_term_string"}}],"inLanguage":"ca"}]}},"_links":{"self":[{"href":"https:\/\/gruesvallsrutllant.com\/ca\/wp-json\/wp\/v2\/pages\/1858","targetHints":{"allow":["GET"]}}],"collection":[{"href":"https:\/\/gruesvallsrutllant.com\/ca\/wp-json\/wp\/v2\/pages"}],"about":[{"href":"https:\/\/gruesvallsrutllant.com\/ca\/wp-json\/wp\/v2\/types\/page"}],"author":[{"embeddable":true,"href":"https:\/\/gruesvallsrutllant.com\/ca\/wp-json\/wp\/v2\/users\/1"}],"replies":[{"embeddable":true,"href":"https:\/\/gruesvallsrutllant.com\/ca\/wp-json\/wp\/v2\/comments?post=1858"}],"version-history":[{"count":0,"href":"https:\/\/gruesvallsrutllant.com\/ca\/wp-json\/wp\/v2\/pages\/1858\/revisions"}],"wp:attachment":[{"href":"https:\/\/gruesvallsrutllant.com\/ca\/wp-json\/wp\/v2\/media?parent=1858"}],"curies":[{"name":"wp","href":"https:\/\/api.w.org\/{rel}","templated":true}]}}